{"id":11,"date":"2015-06-21T14:59:16","date_gmt":"2015-06-21T14:59:16","guid":{"rendered":"http:\/\/cc-pompejanum.de\/?page_id=11"},"modified":"2018-05-25T17:40:23","modified_gmt":"2018-05-25T17:40:23","slug":"wer-sind-wir","status":"publish","type":"page","link":"https:\/\/cc-pompejanum.de\/?page_id=11","title":{"rendered":"Wer sind wir?"},"content":{"rendered":"<div class=\"entry-content\">\n<p>Die Chuchi Pompejanum ist ein Zusammenschluss kochender M\u00e4nner, die sich einmal im Monat in Aschaffenburg treffen, um gut zu kochen und gut zu essen.\u00a0 Unsere Mitglieder kommen aus allen Berufs- und Altersgruppen.<\/p>\n<p><a href=\"https:\/\/cc-pompejanum.de\/wp-content\/uploads\/2015\/06\/am.jpg\"><img loading=\"lazy\" decoding=\"async\" class=\" size-medium wp-image-37 aligncenter\" src=\"https:\/\/cc-pompejanum.de\/wp-content\/uploads\/2015\/06\/am-300x83.jpg\" alt=\"am\" width=\"300\" height=\"83\" srcset=\"https:\/\/cc-pompejanum.de\/wp-content\/uploads\/2015\/06\/am-300x83.jpg 300w, https:\/\/cc-pompejanum.de\/wp-content\/uploads\/2015\/06\/am.jpg 1000w\" sizes=\"(max-width: 300px) 100vw, 300px\" \/><\/a><\/p>\n<p>Wir nennen uns Kochbr\u00fcder und sind Teil des <a href=\"http:\/\/www.cc-club-kochender-maenner.de\/\" target=\"_blank\">Clubs kochender M\u00e4nner in der Bruderschaft Marmite,<\/a> eines weltweiten Netzes kochbegeisterter M\u00e4nner, der <a href=\"http:\/\/www.confrerie.ch\" target=\"_blank\">Confr\u00e9rie Culinaire Internationale de la Marmite,<\/a> das zum Ziel hat, die Liebe zur Kochkunst sowie Ess- und Tischkultur zu pflegen.<\/p>\n<\/div>\n<h5>Was bedeutet der Name?<\/h5>\n<p>Die Idee der Kochbruderschaft stammt urspr\u00fcnglich aus der Schweiz, und das schweizerdeutsche Wort f\u00fcr K\u00fcche lautet Chuchi. Das <a href=\"http:\/\/www.schloesser.bayern.de\/deutsch\/schloss\/objekte\/as_pom.htm\" target=\"_blank\">Pompejanum<\/a> dagegen ist eine der gro\u00dfen Sehensw\u00fcrdigkeiten von <a href=\"http:\/\/www.aschaffenburg.de\" target=\"_blank\">Aschaffenburg<\/a> und ein einzigartiges Denkmal.<a href=\"https:\/\/cc-pompejanum.de\/wp-content\/uploads\/2015\/06\/pompejanum.jpg\"><img loading=\"lazy\" decoding=\"async\" class=\"alignright  wp-image-47\" src=\"https:\/\/cc-pompejanum.de\/wp-content\/uploads\/2015\/06\/pompejanum-300x225.jpg\" alt=\"pompejanum\" width=\"237\" height=\"178\" srcset=\"https:\/\/cc-pompejanum.de\/wp-content\/uploads\/2015\/06\/pompejanum-300x225.jpg 300w, https:\/\/cc-pompejanum.de\/wp-content\/uploads\/2015\/06\/pompejanum-1024x768.jpg 1024w, https:\/\/cc-pompejanum.de\/wp-content\/uploads\/2015\/06\/pompejanum.jpg 1240w\" sizes=\"(max-width: 237px) 100vw, 237px\" \/><\/a> So lag es nahe, diese zwei Begriffe zu verbinden, als die Aschaffenburger Chuchi vor \u00fcber 40 Jahren gegr\u00fcndet wurde.<\/p>\n<p>&nbsp;<\/p>\n<p>&nbsp;<\/p>\n<h5>Unsere Philosophie<\/h5>\n<p>Das Leben ist eine kostbare Angelegenheit. Ein gewisser Stil und bestimmte Spielregeln der Kultur und H\u00f6flichkeit sind aus unserer Sicht essentiell, um dem Rechnung zu tragen.<\/p>\n<p><a href=\"https:\/\/cc-pompejanum.de\/wp-content\/uploads\/2015\/06\/service.jpg\"><img loading=\"lazy\" decoding=\"async\" class=\"alignright  wp-image-50\" src=\"https:\/\/cc-pompejanum.de\/wp-content\/uploads\/2015\/06\/service-300x204.jpg\" alt=\"service\" width=\"241\" height=\"164\" srcset=\"https:\/\/cc-pompejanum.de\/wp-content\/uploads\/2015\/06\/service-300x204.jpg 300w, https:\/\/cc-pompejanum.de\/wp-content\/uploads\/2015\/06\/service.jpg 904w\" sizes=\"(max-width: 241px) 100vw, 241px\" \/><\/a>Wir sind alle leidenschaftliche Hobbyk\u00f6che und wir essen und trinken gerne gut. Das zelebrieren wir regelm\u00e4\u00dfig \u2013 und haben eine Menge Spa\u00df dabei.<\/p>\n<p>&nbsp;<\/p>\n<h5><\/h5>\n<h5>Wo findet man uns?<\/h5>\n<p>Wir haben ein eigenes festes Domizil in der Aschaffenburger Innenstadt, das uns zum Kochen und zum Feiern dient.<br \/>\n<a href=\"https:\/\/cc-pompejanum.de\/wp-content\/uploads\/2015\/06\/IMG_3285.jpg\"><img loading=\"lazy\" decoding=\"async\" class=\"  wp-image-54 alignleft\" src=\"https:\/\/cc-pompejanum.de\/wp-content\/uploads\/2015\/06\/IMG_3285-300x200.jpg\" alt=\"IMG_3285\" width=\"228\" height=\"152\" srcset=\"https:\/\/cc-pompejanum.de\/wp-content\/uploads\/2015\/06\/IMG_3285-300x200.jpg 300w, https:\/\/cc-pompejanum.de\/wp-content\/uploads\/2015\/06\/IMG_3285.jpg 1024w\" sizes=\"(max-width: 228px) 100vw, 228px\" \/><\/a><\/p>\n","protected":false},"excerpt":{"rendered":"<p>Die Chuchi Pompejanum ist ein Zusammenschluss kochender M\u00e4nner, die sich einmal im Monat in Aschaffenburg treffen, um gut zu kochen und gut zu essen.\u00a0 Unsere Mitglieder kommen aus allen Berufs- und Altersgruppen. Wir nennen uns Kochbr\u00fcder und sind Teil des Clubs kochender M\u00e4nner in der Bruderschaft Marmite, eines weltweiten Netzes kochbegeisterter M\u00e4nner, der Confr\u00e9rie Culinaire &hellip; <a href=\"https:\/\/cc-pompejanum.de\/?page_id=11\" class=\"more-link\"><span class=\"screen-reader-text\">Wer sind wir?<\/span> weiterlesen <span class=\"meta-nav\">&rarr;<\/span><\/a><\/p>\n","protected":false},"author":1,"featured_media":0,"parent":0,"menu_order":2,"comment_status":"closed","ping_status":"open","template":"","meta":{"footnotes":""},"_links":{"self":[{"href":"https:\/\/cc-pompejanum.de\/index.php?rest_route=\/wp\/v2\/pages\/11"}],"collection":[{"href":"https:\/\/cc-pompejanum.de\/index.php?rest_route=\/wp\/v2\/pages"}],"about":[{"href":"https:\/\/cc-pompejanum.de\/index.php?rest_route=\/wp\/v2\/types\/page"}],"author":[{"embeddable":true,"href":"https:\/\/cc-pompejanum.de\/index.php?rest_route=\/wp\/v2\/users\/1"}],"replies":[{"embeddable":true,"href":"https:\/\/cc-pompejanum.de\/index.php?rest_route=%2Fwp%2Fv2%2Fcomments&post=11"}],"version-history":[{"count":16,"href":"https:\/\/cc-pompejanum.de\/index.php?rest_route=\/wp\/v2\/pages\/11\/revisions"}],"predecessor-version":[{"id":55,"href":"https:\/\/cc-pompejanum.de\/index.php?rest_route=\/wp\/v2\/pages\/11\/revisions\/55"}],"wp:attachment":[{"href":"https:\/\/cc-pompejanum.de\/index.php?rest_route=%2Fwp%2Fv2%2Fmedia&parent=11"}],"curies":[{"name":"wp","href":"https:\/\/api.w.org\/{rel}","templated":true}]}}