{"id":13,"date":"2015-06-21T15:01:01","date_gmt":"2015-06-21T15:01:01","guid":{"rendered":"http:\/\/cc-pompejanum.de\/?page_id=13"},"modified":"2018-05-25T17:40:23","modified_gmt":"2018-05-25T17:40:23","slug":"menus-und-rezepturen","status":"publish","type":"page","link":"https:\/\/cc-pompejanum.de\/?page_id=13","title":{"rendered":"Menus und Rezepturen"},"content":{"rendered":"<p>Unsere Leidenschaft ist wie gesagt das Kochen, und dazu geh\u00f6ren nat\u00fcrlich unsere Rezepturen. <a href=\"https:\/\/cc-pompejanum.de\/wp-content\/uploads\/2015\/06\/book_page_flip.gif\"><img loading=\"lazy\" decoding=\"async\" class=\"alignright size-full wp-image-61\" src=\"https:\/\/cc-pompejanum.de\/wp-content\/uploads\/2015\/06\/book_page_flip.gif\" alt=\"book_page_flip\" width=\"92\" height=\"76\" \/><\/a> Die Herkunft der Rezepte ist vielf\u00e4ltig: Kochliteratur, Anregungen aus Restaurants und durch Dritte und nicht zu vergessen nat\u00fcrlich die eigene Kreativit\u00e4t, die durchaus auch mal gewisse Abwandlungen der Rezeptvorgaben mit sich bringt.<\/p>\n<p>Unsere Rezepturen sind <a title=\"Rezepturverzeichnis\" href=\"https:\/\/cc-pompejanum.de\/?page_id=15\">hier<\/a> zu finden.<\/p>\n","protected":false},"excerpt":{"rendered":"<p>Unsere Leidenschaft ist wie gesagt das Kochen, und dazu geh\u00f6ren nat\u00fcrlich unsere Rezepturen. Die Herkunft der Rezepte ist vielf\u00e4ltig: Kochliteratur, Anregungen aus Restaurants und durch Dritte und nicht zu vergessen nat\u00fcrlich die eigene Kreativit\u00e4t, die durchaus auch mal gewisse Abwandlungen der Rezeptvorgaben mit sich bringt. Unsere Rezepturen sind hier zu finden.<\/p>\n","protected":false},"author":1,"featured_media":0,"parent":0,"menu_order":3,"comment_status":"closed","ping_status":"open","template":"","meta":{"footnotes":""},"_links":{"self":[{"href":"https:\/\/cc-pompejanum.de\/index.php?rest_route=\/wp\/v2\/pages\/13"}],"collection":[{"href":"https:\/\/cc-pompejanum.de\/index.php?rest_route=\/wp\/v2\/pages"}],"about":[{"href":"https:\/\/cc-pompejanum.de\/index.php?rest_route=\/wp\/v2\/types\/page"}],"author":[{"embeddable":true,"href":"https:\/\/cc-pompejanum.de\/index.php?rest_route=\/wp\/v2\/users\/1"}],"replies":[{"embeddable":true,"href":"https:\/\/cc-pompejanum.de\/index.php?rest_route=%2Fwp%2Fv2%2Fcomments&post=13"}],"version-history":[{"count":3,"href":"https:\/\/cc-pompejanum.de\/index.php?rest_route=\/wp\/v2\/pages\/13\/revisions"}],"predecessor-version":[{"id":64,"href":"https:\/\/cc-pompejanum.de\/index.php?rest_route=\/wp\/v2\/pages\/13\/revisions\/64"}],"wp:attachment":[{"href":"https:\/\/cc-pompejanum.de\/index.php?rest_route=%2Fwp%2Fv2%2Fmedia&parent=13"}],"curies":[{"name":"wp","href":"https:\/\/api.w.org\/{rel}","templated":true}]}}