{"id":17,"date":"2015-06-21T15:02:51","date_gmt":"2015-06-21T15:02:51","guid":{"rendered":"http:\/\/cc-pompejanum.de\/?page_id=17"},"modified":"2022-07-22T17:11:02","modified_gmt":"2022-07-22T17:11:02","slug":"bilder-aus-der-chuchi","status":"publish","type":"page","link":"https:\/\/cc-pompejanum.de\/?page_id=17","title":{"rendered":"Bilder aus der Chuchi"},"content":{"rendered":"<p>Wir haben Spa\u00df am Kochen \u2013 und wir freuen uns an dem, was wir auf den Tisch bringen. <a href=\"https:\/\/cc-pompejanum.de\/wp-content\/uploads\/2015\/06\/chili.jpg\"><img loading=\"lazy\" decoding=\"async\" class=\"alignright size-medium wp-image-65\" src=\"https:\/\/cc-pompejanum.de\/wp-content\/uploads\/2015\/06\/chili-300x225.jpg\" alt=\"chili\" width=\"300\" height=\"225\" srcset=\"https:\/\/cc-pompejanum.de\/wp-content\/uploads\/2015\/06\/chili-300x225.jpg 300w, https:\/\/cc-pompejanum.de\/wp-content\/uploads\/2015\/06\/chili.jpg 1024w\" sizes=\"(max-width: 300px) 100vw, 300px\" \/><\/a><\/p>\n<p>Wir dokumentieren unsere Kreationen gerne \u2013 auch wenn das Fotografieren von Essen in der Presse \u00fcbel wegkommt (<em>\u201eWarum fotografieren Leute ihr Essen?\u201c:\u00a0 <a href=\"http:\/\/jetzt.sueddeutsche.de\/texte\/anzeigen\/518161\/Food-Pornografie-muss-das-sein%5C\" target=\"_blank\" rel=\"noopener\">S\u00fcddeutsche Zeitung<\/a>, <a href=\"http:\/\/www.spiegel.de\/spiegel\/print\/d-95169252.html\" target=\"_blank\" rel=\"noopener\">SPIEGEL<\/a>, <a href=\"http:\/\/www.tagesspiegel.de\/medien\/essen-und-social-media-zeigt-her-eure-teller\/6310204.html\" target=\"_blank\" rel=\"noopener\">Tagesspiegel<\/a> und andere mehr \u2026<\/em>) \u2013 wir machen\u2019s trotzdem und finden es gut.<\/p>\n<p>Einige <strong>Impressionen<\/strong> aus der Chuchi sind <strong><a title=\"Impressionen aus der Chuchi\" href=\"https:\/\/cc-pompejanum.de\/?page_id=19\">hier<\/a><\/strong> zu sehen.<\/p>\n<p><strong>Bilder<\/strong> unserer Kochabende sind <strong><a title=\"Kochabende\" href=\"https:\/\/cc-pompejanum.de\/?page_id=21\"><em>hier<\/em><\/a><\/strong> zu finden;\u00a0 aber aus datenschutzrechtlichen Gr\u00fcnden nicht f\u00fcr die \u00d6ffentlichkeit zug\u00e4nglich. Wir bitten um Ihr Verst\u00e4ndnis.<\/p>\n<p>&nbsp;<\/p>\n","protected":false},"excerpt":{"rendered":"<p>Wir haben Spa\u00df am Kochen \u2013 und wir freuen uns an dem, was wir auf den Tisch bringen. Wir dokumentieren unsere Kreationen gerne \u2013 auch wenn das Fotografieren von Essen in der Presse \u00fcbel wegkommt (\u201eWarum fotografieren Leute ihr Essen?\u201c:\u00a0 S\u00fcddeutsche Zeitung, SPIEGEL, Tagesspiegel und andere mehr \u2026) \u2013 wir machen\u2019s trotzdem und finden es &hellip; <a href=\"https:\/\/cc-pompejanum.de\/?page_id=17\" class=\"more-link\"><span class=\"screen-reader-text\">Bilder aus der Chuchi<\/span> weiterlesen <span class=\"meta-nav\">&rarr;<\/span><\/a><\/p>\n","protected":false},"author":1,"featured_media":0,"parent":0,"menu_order":4,"comment_status":"closed","ping_status":"open","template":"","meta":{"footnotes":""},"_links":{"self":[{"href":"https:\/\/cc-pompejanum.de\/index.php?rest_route=\/wp\/v2\/pages\/17"}],"collection":[{"href":"https:\/\/cc-pompejanum.de\/index.php?rest_route=\/wp\/v2\/pages"}],"about":[{"href":"https:\/\/cc-pompejanum.de\/index.php?rest_route=\/wp\/v2\/types\/page"}],"author":[{"embeddable":true,"href":"https:\/\/cc-pompejanum.de\/index.php?rest_route=\/wp\/v2\/users\/1"}],"replies":[{"embeddable":true,"href":"https:\/\/cc-pompejanum.de\/index.php?rest_route=%2Fwp%2Fv2%2Fcomments&post=17"}],"version-history":[{"count":7,"href":"https:\/\/cc-pompejanum.de\/index.php?rest_route=\/wp\/v2\/pages\/17\/revisions"}],"predecessor-version":[{"id":1049,"href":"https:\/\/cc-pompejanum.de\/index.php?rest_route=\/wp\/v2\/pages\/17\/revisions\/1049"}],"wp:attachment":[{"href":"https:\/\/cc-pompejanum.de\/index.php?rest_route=%2Fwp%2Fv2%2Fmedia&parent=17"}],"curies":[{"name":"wp","href":"https:\/\/api.w.org\/{rel}","templated":true}]}}