{"id":19,"date":"2015-06-21T15:03:34","date_gmt":"2015-06-21T15:03:34","guid":{"rendered":"http:\/\/cc-pompejanum.de\/?page_id=19"},"modified":"2022-07-22T17:05:09","modified_gmt":"2022-07-22T17:05:09","slug":"impressionen","status":"publish","type":"page","link":"https:\/\/cc-pompejanum.de\/?page_id=19","title":{"rendered":"Impressionen"},"content":{"rendered":"<p>Das Urheberrecht f\u00fcr diese und alle Bilder auf dieser Website liegt beim <a href=\"http:\/\/www.internist-ab.de\" target=\"_blank\" rel=\"noopener\">Autor<\/a>.\u00a0 Eine Verwendung durch Dritte f\u00fcr private oder kommerzielle Zwecke ohne ausdr\u00fcckliche Genehmigung ist nicht zul\u00e4ssig.<\/p>\n<p>&nbsp;<\/p>\n<div class='polaroid-gallery galleryid-19' style='width:auto;'>\n\t\t\t<a href=\"https:\/\/cc-pompejanum.de\/wp-content\/uploads\/2015\/06\/tafel-1024x717.jpg\" title=\"tafel\" rel=\"polaroid_2017713832\" class=\"polaroid-gallery-item showcaption\"><span class=\"polaroid-gallery-image\" title=\"\" style=\"background-image: url(https:\/\/cc-pompejanum.de\/wp-content\/uploads\/2015\/06\/tafel-150x150.jpg); width: 150px; height: 150px;\"><\/span><\/a>\n\t\t\t<a href=\"https:\/\/cc-pompejanum.de\/wp-content\/uploads\/2015\/06\/glaeser.jpg\" title=\"glaeser\" rel=\"polaroid_2017713832\" class=\"polaroid-gallery-item showcaption\"><span class=\"polaroid-gallery-image\" title=\"\" style=\"background-image: url(https:\/\/cc-pompejanum.de\/wp-content\/uploads\/2015\/06\/glaeser-150x150.jpg); width: 150px; height: 150px;\"><\/span><\/a>\n\t\t\t<a href=\"https:\/\/cc-pompejanum.de\/wp-content\/uploads\/2015\/06\/abendmahl2-1024x430.jpg\" title=\"abendmahl2\" rel=\"polaroid_2017713832\" class=\"polaroid-gallery-item showcaption\"><span class=\"polaroid-gallery-image\" title=\"\" style=\"background-image: url(https:\/\/cc-pompejanum.de\/wp-content\/uploads\/2015\/06\/abendmahl2-150x150.jpg); width: 150px; height: 150px;\"><\/span><\/a>\n\t\t\t<a href=\"https:\/\/cc-pompejanum.de\/wp-content\/uploads\/2015\/06\/weinflasche-1024x768.jpg\" title=\"weinflasche\" rel=\"polaroid_2017713832\" class=\"polaroid-gallery-item showcaption\"><span class=\"polaroid-gallery-image\" title=\"\" style=\"background-image: url(https:\/\/cc-pompejanum.de\/wp-content\/uploads\/2015\/06\/weinflasche-150x150.jpg); width: 150px; height: 150px;\"><\/span><\/a>\n\t\t\t<a href=\"https:\/\/cc-pompejanum.de\/wp-content\/uploads\/2015\/06\/mixer-1024x768.jpg\" title=\"mixer\" rel=\"polaroid_2017713832\" class=\"polaroid-gallery-item showcaption\"><span class=\"polaroid-gallery-image\" title=\"\" style=\"background-image: url(https:\/\/cc-pompejanum.de\/wp-content\/uploads\/2015\/06\/mixer-150x150.jpg); width: 150px; height: 150px;\"><\/span><\/a>\n\t\t\t<a href=\"https:\/\/cc-pompejanum.de\/wp-content\/uploads\/2015\/06\/anrichten-1024x742.jpg\" title=\"anrichten\" rel=\"polaroid_2017713832\" class=\"polaroid-gallery-item showcaption\"><span class=\"polaroid-gallery-image\" title=\"\" style=\"background-image: url(https:\/\/cc-pompejanum.de\/wp-content\/uploads\/2015\/06\/anrichten-150x150.jpg); width: 150px; height: 150px;\"><\/span><\/a>\n\t\t\t<a href=\"https:\/\/cc-pompejanum.de\/wp-content\/uploads\/2015\/06\/schaumdessert-1024x768.jpg\" title=\"schaumdessert\" rel=\"polaroid_2017713832\" class=\"polaroid-gallery-item showcaption\"><span class=\"polaroid-gallery-image\" title=\"\" style=\"background-image: url(https:\/\/cc-pompejanum.de\/wp-content\/uploads\/2015\/06\/schaumdessert-150x150.jpg); width: 150px; height: 150px;\"><\/span><\/a>\n\t\t\t<a href=\"https:\/\/cc-pompejanum.de\/wp-content\/uploads\/2015\/06\/mangotoertechen-1024x660.jpg\" title=\"mangotoertechen\" rel=\"polaroid_2017713832\" class=\"polaroid-gallery-item showcaption\"><span class=\"polaroid-gallery-image\" title=\"\" style=\"background-image: url(https:\/\/cc-pompejanum.de\/wp-content\/uploads\/2015\/06\/mangotoertechen-150x150.jpg); width: 150px; height: 150px;\"><\/span><\/a>\n\t\t\t<a href=\"https:\/\/cc-pompejanum.de\/wp-content\/uploads\/2015\/06\/dessert4.jpg\" title=\"dessert4\" rel=\"polaroid_2017713832\" class=\"polaroid-gallery-item showcaption\"><span class=\"polaroid-gallery-image\" title=\"\" style=\"background-image: url(https:\/\/cc-pompejanum.de\/wp-content\/uploads\/2015\/06\/dessert4-150x150.jpg); width: 150px; height: 150px;\"><\/span><\/a>\n\t\t\t<a href=\"https:\/\/cc-pompejanum.de\/wp-content\/uploads\/2015\/06\/fleisch1-1024x768.jpg\" title=\"fleisch1\" rel=\"polaroid_2017713832\" class=\"polaroid-gallery-item showcaption\"><span class=\"polaroid-gallery-image\" title=\"\" style=\"background-image: url(https:\/\/cc-pompejanum.de\/wp-content\/uploads\/2015\/06\/fleisch1-150x150.jpg); width: 150px; height: 150px;\"><\/span><\/a>\n\t\t\t<a href=\"https:\/\/cc-pompejanum.de\/wp-content\/uploads\/2015\/06\/lammkatolettes-1024x753.jpg\" title=\"lammkatolettes\" rel=\"polaroid_2017713832\" class=\"polaroid-gallery-item showcaption\"><span class=\"polaroid-gallery-image\" title=\"\" style=\"background-image: url(https:\/\/cc-pompejanum.de\/wp-content\/uploads\/2015\/06\/lammkatolettes-150x150.jpg); width: 150px; height: 150px;\"><\/span><\/a>\n\t\t\t<a href=\"https:\/\/cc-pompejanum.de\/wp-content\/uploads\/2015\/06\/fleisch2-1024x594.jpg\" title=\"fleisch2\" rel=\"polaroid_2017713832\" class=\"polaroid-gallery-item showcaption\"><span class=\"polaroid-gallery-image\" title=\"\" style=\"background-image: url(https:\/\/cc-pompejanum.de\/wp-content\/uploads\/2015\/06\/fleisch2-150x150.jpg); width: 150px; height: 150px;\"><\/span><\/a>\n\t\t\t<a href=\"https:\/\/cc-pompejanum.de\/wp-content\/uploads\/2015\/06\/ossobuco-1024x768.jpg\" title=\"ossobuco\" rel=\"polaroid_2017713832\" class=\"polaroid-gallery-item showcaption\"><span class=\"polaroid-gallery-image\" title=\"\" style=\"background-image: url(https:\/\/cc-pompejanum.de\/wp-content\/uploads\/2015\/06\/ossobuco-150x150.jpg); width: 150px; height: 150px;\"><\/span><\/a>\n\t\t\t<a href=\"https:\/\/cc-pompejanum.de\/wp-content\/uploads\/2015\/06\/messer_brett-1024x768.jpg\" title=\"messer_brett\" rel=\"polaroid_2017713832\" class=\"polaroid-gallery-item showcaption\"><span class=\"polaroid-gallery-image\" title=\"\" style=\"background-image: url(https:\/\/cc-pompejanum.de\/wp-content\/uploads\/2015\/06\/messer_brett-150x150.jpg); width: 150px; height: 150px;\"><\/span><\/a>\n\t\t\t<a href=\"https:\/\/cc-pompejanum.de\/wp-content\/uploads\/2015\/06\/kraeuter-1024x571.jpg\" title=\"kraeuter\" rel=\"polaroid_2017713832\" class=\"polaroid-gallery-item showcaption\"><span class=\"polaroid-gallery-image\" title=\"\" style=\"background-image: url(https:\/\/cc-pompejanum.de\/wp-content\/uploads\/2015\/06\/kraeuter-150x150.jpg); width: 150px; height: 150px;\"><\/span><\/a>\n\t\t\t<a href=\"https:\/\/cc-pompejanum.de\/wp-content\/uploads\/2015\/06\/kraeuter2.jpg\" title=\"kraeuter2\" rel=\"polaroid_2017713832\" class=\"polaroid-gallery-item showcaption\"><span class=\"polaroid-gallery-image\" title=\"\" style=\"background-image: url(https:\/\/cc-pompejanum.de\/wp-content\/uploads\/2015\/06\/kraeuter2-150x150.jpg); width: 150px; height: 150px;\"><\/span><\/a>\n\t\t\t<a href=\"https:\/\/cc-pompejanum.de\/wp-content\/uploads\/2015\/06\/kraeuter3-1024x638.jpg\" title=\"kraeuter3\" rel=\"polaroid_2017713832\" class=\"polaroid-gallery-item showcaption\"><span class=\"polaroid-gallery-image\" title=\"\" style=\"background-image: url(https:\/\/cc-pompejanum.de\/wp-content\/uploads\/2015\/06\/kraeuter3-150x150.jpg); width: 150px; height: 150px;\"><\/span><\/a>\n\t\t\t<a href=\"https:\/\/cc-pompejanum.de\/wp-content\/uploads\/2015\/06\/green-1024x768.jpg\" title=\"green\" rel=\"polaroid_2017713832\" class=\"polaroid-gallery-item showcaption\"><span class=\"polaroid-gallery-image\" title=\"\" style=\"background-image: url(https:\/\/cc-pompejanum.de\/wp-content\/uploads\/2015\/06\/green-150x150.jpg); width: 150px; height: 150px;\"><\/span><\/a>\n\t\t\t<a href=\"https:\/\/cc-pompejanum.de\/wp-content\/uploads\/2015\/06\/croutons-1024x768.jpg\" title=\"croutons\" rel=\"polaroid_2017713832\" class=\"polaroid-gallery-item showcaption\"><span class=\"polaroid-gallery-image\" title=\"\" style=\"background-image: url(https:\/\/cc-pompejanum.de\/wp-content\/uploads\/2015\/06\/croutons-150x150.jpg); width: 150px; height: 150px;\"><\/span><\/a>\n\t\t\t<a href=\"https:\/\/cc-pompejanum.de\/wp-content\/uploads\/2015\/06\/IMG_3447-1024x768.jpg\" title=\"IMG_3447\" rel=\"polaroid_2017713832\" class=\"polaroid-gallery-item showcaption\"><span class=\"polaroid-gallery-image\" title=\"\" style=\"background-image: url(https:\/\/cc-pompejanum.de\/wp-content\/uploads\/2015\/06\/IMG_3447-150x150.jpg); width: 150px; height: 150px;\"><\/span><\/a>\n\t\t\t<a href=\"https:\/\/cc-pompejanum.de\/wp-content\/uploads\/2015\/06\/beeren-1024x768.jpg\" title=\"beeren\" rel=\"polaroid_2017713832\" class=\"polaroid-gallery-item showcaption\"><span class=\"polaroid-gallery-image\" title=\"\" style=\"background-image: url(https:\/\/cc-pompejanum.de\/wp-content\/uploads\/2015\/06\/beeren-150x150.jpg); width: 150px; height: 150px;\"><\/span><\/a>\n\t\t\t<a href=\"https:\/\/cc-pompejanum.de\/wp-content\/uploads\/2015\/06\/eisig-1024x768.jpg\" title=\"eisig\" rel=\"polaroid_2017713832\" class=\"polaroid-gallery-item showcaption\"><span class=\"polaroid-gallery-image\" title=\"\" style=\"background-image: url(https:\/\/cc-pompejanum.de\/wp-content\/uploads\/2015\/06\/eisig-150x150.jpg); width: 150px; height: 150px;\"><\/span><\/a>\n\t\t\t<a href=\"https:\/\/cc-pompejanum.de\/wp-content\/uploads\/2015\/06\/dessert3-1024x768.jpg\" title=\"dessert3\" rel=\"polaroid_2017713832\" class=\"polaroid-gallery-item showcaption\"><span class=\"polaroid-gallery-image\" title=\"\" style=\"background-image: url(https:\/\/cc-pompejanum.de\/wp-content\/uploads\/2015\/06\/dessert3-150x150.jpg); width: 150px; height: 150px;\"><\/span><\/a>\n\t\t\t<a href=\"https:\/\/cc-pompejanum.de\/wp-content\/uploads\/2015\/06\/borken-1024x768.jpg\" title=\"borken\" rel=\"polaroid_2017713832\" class=\"polaroid-gallery-item showcaption\"><span class=\"polaroid-gallery-image\" title=\"\" style=\"background-image: url(https:\/\/cc-pompejanum.de\/wp-content\/uploads\/2015\/06\/borken-150x150.jpg); width: 150px; height: 150px;\"><\/span><\/a>\n\t\t\t<a href=\"https:\/\/cc-pompejanum.de\/wp-content\/uploads\/2015\/06\/dessert2-1024x768.jpg\" title=\"dessert2\" rel=\"polaroid_2017713832\" class=\"polaroid-gallery-item showcaption\"><span class=\"polaroid-gallery-image\" title=\"\" style=\"background-image: url(https:\/\/cc-pompejanum.de\/wp-content\/uploads\/2015\/06\/dessert2-150x150.jpg); width: 150px; height: 150px;\"><\/span><\/a>\n\t\t\t<a href=\"https:\/\/cc-pompejanum.de\/wp-content\/uploads\/2015\/06\/danach2-1024x632.jpg\" title=\"danach2\" rel=\"polaroid_2017713832\" class=\"polaroid-gallery-item showcaption\"><span class=\"polaroid-gallery-image\" title=\"\" style=\"background-image: url(https:\/\/cc-pompejanum.de\/wp-content\/uploads\/2015\/06\/danach2-150x150.jpg); width: 150px; height: 150px;\"><\/span><\/a>\n\t\t\t<a href=\"https:\/\/cc-pompejanum.de\/wp-content\/uploads\/2015\/06\/danach-1024x768.jpg\" title=\"danach\" rel=\"polaroid_2017713832\" class=\"polaroid-gallery-item showcaption\"><span class=\"polaroid-gallery-image\" title=\"\" style=\"background-image: url(https:\/\/cc-pompejanum.de\/wp-content\/uploads\/2015\/06\/danach-150x150.jpg); width: 150px; height: 150px;\"><\/span><\/a>\n\t\t\t<br style=\"clear: both;\" \/><\/div>\n\n<p>&nbsp;<\/p>\n","protected":false},"excerpt":{"rendered":"<p>Das Urheberrecht f\u00fcr diese und alle Bilder auf dieser Website liegt beim Autor.\u00a0 Eine Verwendung durch Dritte f\u00fcr private oder kommerzielle Zwecke ohne ausdr\u00fcckliche Genehmigung ist nicht zul\u00e4ssig. &nbsp; &nbsp;<\/p>\n","protected":false},"author":1,"featured_media":0,"parent":17,"menu_order":2,"comment_status":"closed","ping_status":"open","template":"","meta":{"footnotes":""},"_links":{"self":[{"href":"https:\/\/cc-pompejanum.de\/index.php?rest_route=\/wp\/v2\/pages\/19"}],"collection":[{"href":"https:\/\/cc-pompejanum.de\/index.php?rest_route=\/wp\/v2\/pages"}],"about":[{"href":"https:\/\/cc-pompejanum.de\/index.php?rest_route=\/wp\/v2\/types\/page"}],"author":[{"embeddable":true,"href":"https:\/\/cc-pompejanum.de\/index.php?rest_route=\/wp\/v2\/users\/1"}],"replies":[{"embeddable":true,"href":"https:\/\/cc-pompejanum.de\/index.php?rest_route=%2Fwp%2Fv2%2Fcomments&post=19"}],"version-history":[{"count":4,"href":"https:\/\/cc-pompejanum.de\/index.php?rest_route=\/wp\/v2\/pages\/19\/revisions"}],"predecessor-version":[{"id":613,"href":"https:\/\/cc-pompejanum.de\/index.php?rest_route=\/wp\/v2\/pages\/19\/revisions\/613"}],"up":[{"embeddable":true,"href":"https:\/\/cc-pompejanum.de\/index.php?rest_route=\/wp\/v2\/pages\/17"}],"wp:attachment":[{"href":"https:\/\/cc-pompejanum.de\/index.php?rest_route=%2Fwp%2Fv2%2Fmedia&parent=19"}],"curies":[{"name":"wp","href":"https:\/\/api.w.org\/{rel}","templated":true}]}}