{"id":30,"date":"2015-06-21T15:07:34","date_gmt":"2015-06-21T15:07:34","guid":{"rendered":"http:\/\/cc-pompejanum.de\/?page_id=30"},"modified":"2018-05-26T14:42:05","modified_gmt":"2018-05-26T14:42:05","slug":"datenschutz","status":"publish","type":"page","link":"https:\/\/cc-pompejanum.de\/?page_id=30","title":{"rendered":"Datenschutz"},"content":{"rendered":"<p>Das Thema Datenschutz ist uns wichtig. Es gelten die Vorgaben des <a href=\"https:\/\/www.gesetze-im-internet.de\/bdsg_1990\/BDSG.pdf\" target=\"_blank\" rel=\"noopener\">Bundesdatenschutzgesetzes<\/a> und der Europ\u00e4ischen Datenschutzgrundverordnung (<a href=\"https:\/\/dsgvo-gesetz.de\/\" target=\"_blank\" rel=\"noopener\">EU-DSGVO<\/a>).<\/p>\n<p><strong><a id=\"atop\"><\/a>Gem\u00e4\u00df Artikel 13 der EU-DSGVO kommen wir hiermit unseren gesetzlichen Informationspflichten nach.<\/strong><\/p>\n<h5><strong>Inhaltsverzeichnis:<\/strong><\/h5>\n<p>&nbsp;<\/p>\n<p style=\"padding-left: 30px;\"><a href=\"#a1\">Welche Daten verarbeiten wir?<\/a><\/p>\n<p style=\"padding-left: 30px;\"><a href=\"#a2\">Wer ist von der Datenerfassung betroffen?<\/a><\/p>\n<p style=\"padding-left: 30px;\"><a href=\"#a3\">Weitergabe von Daten<\/a><\/p>\n<p style=\"padding-left: 30px;\"><a href=\"#a4\">Externe Dienstleister<\/a><\/p>\n<p style=\"padding-left: 30px;\"><a href=\"#a5\">Recht auf Datenl\u00f6schung<\/a><\/p>\n<p style=\"padding-left: 30px;\"><a href=\"#a6\">Wer ist bei uns f\u00fcr Ihre Daten verantwortlich?<\/a><\/p>\n<p style=\"padding-left: 30px;\"><a href=\"#a7\">Datenschutzbeauftrage\/r gem. EU-DSGVO<\/a><\/p>\n<p style=\"padding-left: 30px;\"><a href=\"#a8\">Fragen zum Datenschutz und Beschwerderecht<\/a><\/p>\n<p style=\"padding-left: 30px;\"><a href=\"#a9\">Zust\u00e4ndige Aufsichtsbeh\u00f6rde<\/a><\/p>\n<p style=\"padding-left: 30px;\"><a href=\"#a10\">Kommunikation<\/a><\/p>\n<p style=\"padding-left: 30px;\"><a href=\"#a11\">Datenschutz auf unserer Website<\/a><\/p>\n<p style=\"padding-left: 30px;\"><a href=\"#a12\">Haftung f\u00fcr Inhalte der Website<\/a><\/p>\n<p style=\"padding-left: 30px;\"><a href=\"#a13\">Urheberrecht<\/a><\/p>\n<p style=\"padding-left: 30px;\"><a href=\"#a14\">Haftung f\u00fcr Links auf der Website<\/a><\/p>\n<p style=\"padding-left: 30px;\"><a href=\"#a15\">Nutzung unserer Kontaktdaten durch Dritte<\/a><\/p>\n<hr \/>\n<p>&nbsp;<\/p>\n<p><strong><a id=\"a1\"><\/a>Welche Daten verarbeiten wir?<\/strong><\/p>\n<p>Die Chuchi Pompejanum ist eine geschlossene Gruppe ohne rechtlichen Vereinsstatus, in der die Freude an Koch- und E\u00dfkultur gepflegt wird. Die Website der Chuchi Pompejanum dient ausschliesslich informativen Zwecken sowie intern zur Dokumentation. Sie enth\u00e4lt keinerlei kommerzielle, politische Aspekte. Personenbezogene Daten einschliesslich Fotos, Videos und anderer Darstellungen werden von uns ausschliesslich anlassbezogen und mit dem Einverst\u00e4ndnis der Betroffenen verarbeitet. <strong>Der Zugang zu den jeweiligen Daten ist passwortgesch\u00fctzt und nicht f\u00fcr die \u00d6ffentlichkeit zug\u00e4nglich.<\/strong><br \/>\nIn diesem Zusammenhang erfassen speichern wir anlassbezogen die folgenden Daten:<\/p>\n<ul>\n<li>personenbezogene Daten wie Name und Vorname<\/li>\n<li>Datumsangaben<\/li>\n<li>pers\u00f6nlich verfasste und gestaltete Schriftst\u00fccke (Men\u00fcs und Rezepturen); das Copyright geh\u00f6rt dem jeweiligen Verfasser<\/li>\n<li>Fotos und Videos von Veranstaltungen unseres Kochclubs<\/li>\n<\/ul>\n<p><a href=\"#atop\">&#8211; nach oben &#8211;<\/a><\/p>\n<p>&nbsp;<\/p>\n<p><strong><a id=\"a2\"><\/a>Wer ist von der Datenerfassung betroffen?<\/strong><\/p>\n<p>Wir erfassen und speichern Daten und Bilder ausschliesslich anlassbezogen<\/p>\n<ul>\n<li>unserer Mitglieder und ihrer Angeh\u00f6rigen<\/li>\n<li>unserer G\u00e4ste<\/li>\n<\/ul>\n<p>Das Einverst\u00e4ndnis zur jeweiligen Erfassung und Speicherung liegt vor.<\/p>\n<p><a href=\"#atop\">&#8211; nach oben &#8211;<\/a><\/p>\n<p>&nbsp;<\/p>\n<p><strong><a id=\"a3\"><\/a>Weitergabe von Daten<\/strong><\/p>\n<p>Eine Weitergabe von Daten erfolgt anlassbezogen an<\/p>\n<ul>\n<li>den Dachverband (Link) des Clubs<\/li>\n<li><\/li>\n<li>die Clubzeitschrift &#8222;Hummer&#8220; (Link)<\/li>\n<li>Betroffene selber<\/li>\n<\/ul>\n<p><a href=\"#atop\">&#8211; nach oben &#8211;<\/a><\/p>\n<p>&nbsp;<\/p>\n<p><strong><a id=\"a4\"><\/a>Externe Dienstleister<\/strong><\/p>\n<p>Externe Dienstleister sind nicht eingebunden.<\/p>\n<p><a href=\"#atop\">&#8211; nach oben &#8211;<\/a><\/p>\n<p>&nbsp;<\/p>\n<p><strong><a id=\"a5\"><\/a>Recht auf Datenl\u00f6schung<\/strong><\/p>\n<p>Jede\/r Betroffene hat jederzeit das Recht auf L\u00f6schung aller Daten, die sie\/ihn betreffen. Da weder ein Vereins- noch ein Firmencharakter vorliegen, finden die sonstigen Vorgaben der DS-GVO keine Anwendung.<\/p>\n<p><a href=\"#atop\">&#8211; nach oben &#8211;<\/a><\/p>\n<p>&nbsp;<\/p>\n<p><strong><a id=\"a6\"><\/a>Wer ist bei uns f\u00fcr Ihre Daten verantwortlich?<\/strong><\/p>\n<p>Verantwortliche Stelle im Sinne der Datenschutzgesetze ist<\/p>\n<p style=\"padding-left: 30px;\"><em>Chuchi Pompejanum<\/em><br \/>\n<em>c\/o: RitterBauerArchitekten GmbH, Herstallstra\u00dfe 35, 63739 Aschaffenburg<\/em><br \/>\n<em>Fon +49 (0) 60 21 33 96-0, Fax +49 (0) 60 21 2 97 22 e-Mail rb@ritter-bauer.de<\/em><\/p>\n<p>Unser Verzeichnis der Verarbeitungst\u00e4tigkeiten (VVT) ist auf Anfrage einsehbar.<\/p>\n<p><a href=\"#atop\">&#8211; nach oben &#8211;<\/a><\/p>\n<p>&nbsp;<\/p>\n<p><strong><a id=\"a7\"><\/a>Datenschutzbeauftrage\/r gem. EU-DSGVO<\/strong><\/p>\n<p>Wir sind gem\u00e4\u00df den Vorgaben der EU-DSGVO und des Bayerischen Landesamtes f\u00fcr Datenschutzaufsicht nicht verpflichtet, eine\/n Datenschutzbeauftragte\/n zu bestellen.<\/p>\n<p><a href=\"#atop\">&#8211; nach oben &#8211;<\/a><\/p>\n<p>&nbsp;<\/p>\n<p><strong><a id=\"a8\"><\/a>Fragen zum Datenschutz und Beschwerderecht<\/strong><\/p>\n<p>Wenn Sie Fragen zum Datenschutz haben, Rechte oder Anspr\u00fcche zu Ihren personenbezogenen Daten aus\u00fcben m\u00f6chten, wenden Sie sich bitte direkt an uns oder schicken Sie eine Anfrage per eMail an datenschutz @ cc-pompejanum.de.<br \/>\nIhr Recht auf Beschwerde k\u00f6nnen Sie bei der <a href=\"https:\/\/www.lda.bayern.de\/de\/index.html#\" target=\"_blank\" rel=\"noopener\">zust\u00e4ndigen Aufsichtsbeh\u00f6rde<\/a> wahrnehmen.<\/p>\n<p><a href=\"#atop\">&#8211; nach oben &#8211;<\/a><\/p>\n<p>&nbsp;<\/p>\n<p><strong><a id=\"a9\"><\/a>Zust\u00e4ndige Aufsichtsbeh\u00f6rde<\/strong><\/p>\n<p>Bayerisches Landesamt f\u00fcr Datenschutzaufsicht<br \/>\nPostfach 606, 91511 Ansbach<br \/>\nTelefon: +49 (0) 981 53 1300, Telefax: +49 (0) 981 53 98 1300<br \/>\nE-Mail: poststelle@lda.bayern.de<\/p>\n<p><a href=\"#atop\">&#8211; nach oben &#8211;<\/a><\/p>\n<p>&nbsp;<\/p>\n<p><strong><a id=\"a10\"><\/a>Kommunikation<\/strong><\/p>\n<p>Die Kommunikation unter den Mitgliedern erfolgt per eMail; im Konsens mit allen Mitgliedern unverschl\u00fcsselt. Kommunikation nach aussen findet nur auf gezielte Anfrage hin statt.<\/p>\n<p><a href=\"#atop\">&#8211; nach oben &#8211;<\/a><\/p>\n<p>&nbsp;<\/p>\n<p><strong><a id=\"a11\"><\/a>Datenschutz auf unserer Website<\/strong><\/p>\n<p>Unsere Website dient ausschliesslich Ihrer Information, pers\u00f6nliche Daten werden deshalb nicht erhoben.<\/p>\n<p>Beim Betreten der Website wird ein <b>Session-Cookie<\/b> auf dem PC des Benutzers angelegt, der bei jedem folgenden Request wieder an den Server \u00fcbertragen wird. Dieser Cookie hat den Name <b>PHPSESSID<\/b> und im Inhalt steht der Session-Name. Der sieht etwa so aus: <i>3cm12d11d14fg0ssklulk1k274<\/i>. Dieser Session-Cookie wird theoretisch dazu verwendet, um den Benutzer wiedererkennen zu k\u00f6nnen. Da jedoch jegliche M\u00f6glichkeit zum Einloggen, Kommentare schreiben oder sonstige pers\u00f6nliche Einflussnahme Dritter auf die Website deaktiviert ist, spielt diese Prozedur keine praktische Rolle.<\/p>\n<p>Insbesondere<\/p>\n<ul>\n<li>setzen wir ansonsten <strong>keine Cookies<\/strong>, weder direkte noch third-party-Cookies<\/li>\n<li>speichern wir <strong>keine<\/strong> IP-Adressen.<br \/>\n<em>( <a id=\"b020\"><\/a>Die IP, der Browsertyp des Users sowie Datum und Uhrzeit des Zugriffs auf unsere Website des Users k\u00f6nnen m\u00f6glicherweise vom Webprovider gespeichert werden, k\u00f6nnen jedoch von uns weder abgefragt noch ausgewertet werden. Einfluss hierauf haben wir nicht.)<\/em><\/li>\n<li>verwerten wir Zugriffe auf unsere Website <strong>nicht<\/strong> zur statistischen Analyse. Auch sonstige Datenverkehrs-Analysewerkzeuge werden unsererseits weder eingesetzt noch vorgehalten<\/li>\n<li>verwenden wir <strong>keine<\/strong> Links zu sog. soziale Medien (Facebook, LinkedIn, Twitter, Instagram u.a.)<\/li>\n<li>nutzen wir <strong>keine<\/strong> sonstigen Angebote Dritter<\/li>\n<li>verschicken wir <strong>keine<\/strong> Newsletter<\/li>\n<li>gibt es <strong>keine<\/strong> Werbebanner Dritter<\/li>\n<\/ul>\n<p>Die Website weist auf Kommunikationsm\u00f6glichkeiten per eMail, Telefon oder Fax hin, wobei mit Ausnahme des Webspaceproviders kein anderer zwischengeschalteter Dienstleister genutzt wird. Sofern Sie in einer Nachricht an uns freiwillig pers\u00f6nliche Daten \u00fcbermitteln, werden diese ausschliesslich im Zusammenhang mit Ihrem direkten Anliegen gespeichert.<\/p>\n<p>Die Inhalte unserer Internet-Seiten entsprechen den Vorgaben des Bundesdatenschutzgesetzes (BDSG) und des Teledienstedatenschutzgesetzes (TDDSG). Sie enthalten keine Abfragen zu personenbezogenen oder personenbeziehbaren Daten.<\/p>\n<p><a href=\"#atop\">&#8211; nach oben &#8211;<\/a><\/p>\n<p>&nbsp;<\/p>\n<p><strong><a id=\"a12\"><\/a>Haftung f\u00fcr Links auf der Website<\/strong><\/p>\n<p>Unser Angebot enth\u00e4lt Links zu externen Webseiten Dritter, auf deren Inhalte wir keinen Einfluss haben. Deshalb k\u00f6nnen wir f\u00fcr diese fremden Inhalte auch keine Gew\u00e4hr \u00fcbernehmen. F\u00fcr die Inhalte der verlinkten Seiten ist stets der jeweilige Anbieter oder Betreiber der Seiten verantwortlich. Die verlinkten Seiten wurden zum Zeitpunkt der Verlinkung auf m\u00f6gliche Rechtsverst\u00f6\u00dfe \u00fcberpr\u00fcft. Rechtswidrige Inhalte waren zum Zeitpunkt der Verlinkung nicht erkennbar. Eine permanente inhaltliche Kontrolle der verlinkten Seiten ist jedoch ohne konkrete Anhaltspunkte einer Rechtsverletzung nicht zumutbar. Bei Bekanntwerden von Rechtsverletzungen werden wir derartige Links umgehend entfernen.<br \/>\nWir weisen insbesondere auch auf die <a href=\"#b020\">hier genannten<\/a> Besonderheiten hin.<\/p>\n<p><a href=\"#atop\">&#8211; nach oben &#8211;<\/a><\/p>\n<p>&nbsp;<\/p>\n<p><strong><a id=\"a13\"><\/a>Haftung f\u00fcr Inhalte der Website<\/strong><\/p>\n<p>Die Inhalte unserer Seiten wurden mit gr\u00f6\u00dfter Sorgfalt erstellt. F\u00fcr die Richtigkeit, Vollst\u00e4ndigkeit und Aktualit\u00e4t der Inhalte k\u00f6nnen wir jedoch keine Gew\u00e4hr \u00fcbernehmen. Als Diensteanbieter sind wir gem\u00e4\u00df \u00a7 6 Abs.1 MDStV und \u00a7 8 Abs.1 TDG f\u00fcr eigene Inhalte auf diesen Seiten nach den allgemeinen Gesetzen verantwortlich. Diensteanbieter sind jedoch nicht verpflichtet, die von ihnen \u00fcbermittelten oder gespeicherten fremden Informationen zu \u00fcberwachen oder nach Umst\u00e4nden zu forschen, die auf eine rechtswidrige T\u00e4tigkeit hinweisen. Verpflichtungen zur Entfernung oder Sperrung der Nutzung von Informationen nach den allgemeinen Gesetzen bleiben hiervon unber\u00fchrt. Eine diesbez\u00fcgliche Haftung ist jedoch erst ab dem Zeitpunkt der Kenntnis einer konkreten Rechtsverletzung m\u00f6glich. Bei Bekanntwerden von entsprechenden Rechtsverletzungen werden wir diese Inhalte umgehend entfernen.<\/p>\n<p><a href=\"#atop\">&#8211; nach oben &#8211;<\/a><\/p>\n<p>&nbsp;<\/p>\n<p><strong><a id=\"a14\"><\/a>Urheberrecht<\/strong><\/p>\n<p>Die durch die Seitenbetreiber erstellten Inhalte und Werke auf diesen Seiten unterliegen dem deutschen Urheberrecht. Die Vervielf\u00e4ltigung, Bearbeitung, Verbreitung und jede Art der Verwertung au\u00dferhalb der Grenzen des Urheberrechtes bed\u00fcrfen der schriftlichen Zustimmung des jeweiligen Autors bzw. Erstellers. Downloads und Kopien dieser Seite sind nur f\u00fcr den privaten, nicht kommerziellen Gebrauch gestattet. Beitr\u00e4ge Dritter sind als solche gekennzeichnet; wir sind bem\u00fcht, stets die Urheberrechte anderer zu beachten bzw. auf lizenzfreie Publikationen zur\u00fcckzugreifen.<\/p>\n<p><a href=\"#atop\">&#8211; nach oben &#8211;<\/a><\/p>\n<p>&nbsp;<\/p>\n<p><strong><a id=\"a15\"><\/a>Nutzung unserer Kontaktdaten durch Dritte<\/strong><\/p>\n<p>Der Nutzung von im Rahmen der Impressumspflicht ver\u00f6ffentlichten Kontaktdaten durch Dritte zur \u00dcbersendung von nicht ausdr\u00fccklich angeforderter Werbung und Informationsmaterialien wird hiermit ausdr\u00fccklich widersprochen. Die Betreiber der Seiten behalten sich ausdr\u00fccklich rechtliche Schritte im Falle der unverlangten Zusendung von Werbeinformationen, etwa durch Spam-Mails, vor.<\/p>\n<p><a href=\"#atop\">&#8211; nach oben &#8211;<\/a><\/p>\n<p>&nbsp;<\/p>\n<p>&nbsp;<\/p>\n","protected":false},"excerpt":{"rendered":"<p>Das Thema Datenschutz ist uns wichtig. Es gelten die Vorgaben des Bundesdatenschutzgesetzes und der Europ\u00e4ischen Datenschutzgrundverordnung (EU-DSGVO). Gem\u00e4\u00df Artikel 13 der EU-DSGVO kommen wir hiermit unseren gesetzlichen Informationspflichten nach. Inhaltsverzeichnis: &nbsp; Welche Daten verarbeiten wir? Wer ist von der Datenerfassung betroffen? Weitergabe von Daten Externe Dienstleister Recht auf Datenl\u00f6schung Wer ist bei uns f\u00fcr Ihre &hellip; <a href=\"https:\/\/cc-pompejanum.de\/?page_id=30\" class=\"more-link\"><span class=\"screen-reader-text\">Datenschutz<\/span> weiterlesen <span class=\"meta-nav\">&rarr;<\/span><\/a><\/p>\n","protected":false},"author":1,"featured_media":0,"parent":0,"menu_order":6,"comment_status":"closed","ping_status":"open","template":"","meta":{"footnotes":""},"_links":{"self":[{"href":"https:\/\/cc-pompejanum.de\/index.php?rest_route=\/wp\/v2\/pages\/30"}],"collection":[{"href":"https:\/\/cc-pompejanum.de\/index.php?rest_route=\/wp\/v2\/pages"}],"about":[{"href":"https:\/\/cc-pompejanum.de\/index.php?rest_route=\/wp\/v2\/types\/page"}],"author":[{"embeddable":true,"href":"https:\/\/cc-pompejanum.de\/index.php?rest_route=\/wp\/v2\/users\/1"}],"replies":[{"embeddable":true,"href":"https:\/\/cc-pompejanum.de\/index.php?rest_route=%2Fwp%2Fv2%2Fcomments&post=30"}],"version-history":[{"count":34,"href":"https:\/\/cc-pompejanum.de\/index.php?rest_route=\/wp\/v2\/pages\/30\/revisions"}],"predecessor-version":[{"id":869,"href":"https:\/\/cc-pompejanum.de\/index.php?rest_route=\/wp\/v2\/pages\/30\/revisions\/869"}],"wp:attachment":[{"href":"https:\/\/cc-pompejanum.de\/index.php?rest_route=%2Fwp%2Fv2%2Fmedia&parent=30"}],"curies":[{"name":"wp","href":"https:\/\/api.w.org\/{rel}","templated":true}]}}